{"id":283,"date":"2022-09-01T17:47:42","date_gmt":"2022-09-01T17:47:42","guid":{"rendered":"https:\/\/mazuryhome.com\/?page_id=283"},"modified":"2022-09-01T18:22:41","modified_gmt":"2022-09-01T18:22:41","slug":"kup-nieruchomosc","status":"publish","type":"page","link":"https:\/\/mazuryhome.com\/?page_id=283","title":{"rendered":"Kup nieruchomo\u015b\u0107"},"content":{"rendered":"<p>[et_pb_section fb_built=&#8221;1&#8243; _builder_version=&#8221;4.16&#8243; custom_padding=&#8221;1px||90px||false|false&#8221; global_colors_info=&#8221;{}&#8221;][et_pb_row use_custom_gutter=&#8221;on&#8221; gutter_width=&#8221;2&#8243; make_equal=&#8221;on&#8221; _builder_version=&#8221;4.16&#8243; width=&#8221;90%&#8221; width_tablet=&#8221;90%&#8221; width_phone=&#8221;90%&#8221; width_last_edited=&#8221;on|tablet&#8221; max_width=&#8221;1170px&#8221; max_width_tablet=&#8221;90%&#8221; max_width_phone=&#8221;90%&#8221; max_width_last_edited=&#8221;on|desktop&#8221; custom_padding=&#8221;110px||||false|false&#8221; global_colors_info=&#8221;{}&#8221;][et_pb_column type=&#8221;4_4&#8243; _builder_version=&#8221;4.16&#8243; global_colors_info=&#8221;{}&#8221;][et_pb_text _builder_version=&#8221;4.18.0&#8243; text_font=&#8221;Montserrat|600|||||||&#8221; text_text_color=&#8221;#111111&#8243; text_font_size=&#8221;46px&#8221; text_letter_spacing=&#8221;-1px&#8221; text_line_height=&#8221;1em&#8221; text_orientation=&#8221;center&#8221; text_font_size_tablet=&#8221;30px&#8221; text_font_size_phone=&#8221;20px&#8221; text_font_size_last_edited=&#8221;on|phone&#8221; global_colors_info=&#8221;{}&#8221;]<\/p>\n<p>Kup nieruchomo\u015b\u0107<\/p>\n<p>[\/et_pb_text][\/et_pb_column][\/et_pb_row][et_pb_row use_custom_gutter=&#8221;on&#8221; make_equal=&#8221;on&#8221; _builder_version=&#8221;4.16&#8243; width=&#8221;90%&#8221; width_tablet=&#8221;90%&#8221; width_phone=&#8221;90%&#8221; width_last_edited=&#8221;on|tablet&#8221; max_width=&#8221;1170px&#8221; max_width_tablet=&#8221;90%&#8221; max_width_phone=&#8221;90%&#8221; max_width_last_edited=&#8221;on|desktop&#8221; custom_padding=&#8221;50px|||||&#8221; global_colors_info=&#8221;{}&#8221;][et_pb_column type=&#8221;4_4&#8243; _builder_version=&#8221;4.16&#8243; global_colors_info=&#8221;{}&#8221;][et_pb_text _builder_version=&#8221;4.18.0&#8243; _module_preset=&#8221;default&#8221; hover_enabled=&#8221;0&#8243; global_colors_info=&#8221;{}&#8221; sticky_enabled=&#8221;0&#8243;]<\/p>\n<p>Kupno nieruchomo\u015bci krok po kroku nie jest czynno\u015bci\u0105 prost\u0105. To tak naprawd\u0119 jest to do\u015b\u0107 skomplikowany projekt, w kt\u00f3rym musimy skoordynowa\u0107 dzia\u0142anie wielu czynnik\u00f3w. Zanim zdecydujemy si\u0119 na kupno mieszkania czy dzia\u0142ki, dobrze jest przeanalizowa\u0107 obecn\u0105 sytuacj\u0119 na rynku nieruchomo\u015bci, wybra\u0107 odpowiedni moment i lokalizacj\u0119.<\/p>\n<p>Do wyboru mamy du\u017co mo\u017cliwo\u015bci. Upragnione cztery k\u0105ty znajdziemy zar\u00f3wno na rynku pierwotnym, jak i wt\u00f3rnym. Nie ma jednej, dobrej odpowiedzi na pytanie, kt\u00f3re rozwi\u0105zanie b\u0119dzie lepsze i prostsze. Postaramy si\u0119 zawsze przedstawi\u0107 \u201eplusy i minusy\u201d ka\u017cdej nieruchomo\u015bci. By transakcja przebieg\u0142a pomy\u015blnie, musimy mie\u0107 pewno\u015b\u0107, \u017ce kupowane mieszkanie czy dzia\u0142ka ma odpowiedni stan prawny. Pomo\u017cemy zadba\u0107 o wszystkie niezb\u0119dne dokumenty konieczne do zawarcia umowy zakupu, zweryfikujemy stan nieruchomo\u015bci, mo\u017cemy przygotowa\u0107 dodatkow\u0105 ekspertyz\u0119 techniczn\u0105 oraz przygotujemy transakcj\u0119 u Notariusza. Wska\u017cemy rozwi\u0105zania finansowe i skarbowe zwi\u0105zane z transakcj\u0105 zakupu.<\/p>\n<p>&nbsp;<\/p>\n<p><strong>My wiemy jak przej\u015b\u0107 proces zakupu.<\/strong><\/p>\n<ul>\n<li>jak kupi\u0107 nieruchomo\u015b\u0107 wraz z udzieleniem kredytu hipotecznego lub bez,<\/li>\n<li>jakie dokumenty s\u0105 wymagane do zawarcia transakcji zakupu,<\/li>\n<li>co powinno znale\u017a\u0107 si\u0119 w umowie przedwst\u0119pnej, a co w umowie kupna nieruchomo\u015bci,<\/li>\n<li>jakie op\u0142aty wi\u0105\u017c\u0105 si\u0119 z nabyciem nieruchomo\u015bci (taksa notarialna op\u0142ata za za\u0142o\u017cenie ksi\u0119gi wieczystej, za wpis prawa w\u0142asno\u015bci, za wpis o hipotece (je\u015bli korzystamy z kredytu hipotecznego), podatek PCC.<\/li>\n<\/ul>\n<p>Przed zarekomendowaniem oferty dok\u0142adnie weryfikujemy nieruchomo\u015b\u0107 wystawion\u0105 na sprzeda\u017c. Polecaj\u0105c nieruchomo\u015b\u0107 nasza agencja sprawdza okolic\u0119, lokalizacj\u0119 oraz stosunek ceny do oferowanej jako\u015bci. Dbamy o to, aby przedstawiona oferta by\u0142a dla Klienta jak najbardziej korzystna.<\/p>\n<p><span style=\"text-decoration: underline;\">Chc\u0105c kupi\u0107 dowoln\u0105 nieruchomo\u015b\u0107 zostaw nam informacje, wype\u0142niaj\u0105c formularz <\/span><br \/><span style=\"text-decoration: underline;\">lud skontaktuj si\u0119 telefonicznie z naszymi Agentami:<\/span><\/p>\n<p><strong>690693333<\/strong> oraz <strong>690692000<\/strong><\/p>\n<p>[\/et_pb_text][\/et_pb_column][\/et_pb_row][\/et_pb_section]<\/p>\n","protected":false},"excerpt":{"rendered":"<p>Kup nieruchomo\u015b\u0107Kupno nieruchomo\u015bci krok po kroku nie jest czynno\u015bci\u0105 prost\u0105. To tak naprawd\u0119 jest to do\u015b\u0107 skomplikowany projekt, w kt\u00f3rym musimy skoordynowa\u0107 dzia\u0142anie wielu czynnik\u00f3w. Zanim zdecydujemy si\u0119 na kupno mieszkania czy dzia\u0142ki, dobrze jest przeanalizowa\u0107 obecn\u0105 sytuacj\u0119 na rynku nieruchomo\u015bci, wybra\u0107 odpowiedni moment i lokalizacj\u0119. Do wyboru mamy du\u017co mo\u017cliwo\u015bci. Upragnione cztery k\u0105ty znajdziemy [&hellip;]<\/p>\n","protected":false},"author":1,"featured_media":0,"parent":0,"menu_order":0,"comment_status":"closed","ping_status":"closed","template":"","meta":{"_et_pb_use_builder":"on","_et_pb_old_content":"","_et_gb_content_width":"","footnotes":""},"class_list":["post-283","page","type-page","status-publish","hentry"],"_links":{"self":[{"href":"https:\/\/mazuryhome.com\/index.php?rest_route=\/wp\/v2\/pages\/283","targetHints":{"allow":["GET"]}}],"collection":[{"href":"https:\/\/mazuryhome.com\/index.php?rest_route=\/wp\/v2\/pages"}],"about":[{"href":"https:\/\/mazuryhome.com\/index.php?rest_route=\/wp\/v2\/types\/page"}],"author":[{"embeddable":true,"href":"https:\/\/mazuryhome.com\/index.php?rest_route=\/wp\/v2\/users\/1"}],"replies":[{"embeddable":true,"href":"https:\/\/mazuryhome.com\/index.php?rest_route=%2Fwp%2Fv2%2Fcomments&post=283"}],"version-history":[{"count":4,"href":"https:\/\/mazuryhome.com\/index.php?rest_route=\/wp\/v2\/pages\/283\/revisions"}],"predecessor-version":[{"id":309,"href":"https:\/\/mazuryhome.com\/index.php?rest_route=\/wp\/v2\/pages\/283\/revisions\/309"}],"wp:attachment":[{"href":"https:\/\/mazuryhome.com\/index.php?rest_route=%2Fwp%2Fv2%2Fmedia&parent=283"}],"curies":[{"name":"wp","href":"https:\/\/api.w.org\/{rel}","templated":true}]}}