{"id":1554,"date":"2025-04-05T08:01:54","date_gmt":"2025-04-05T08:01:54","guid":{"rendered":"https:\/\/mazuryhome.com\/?page_id=1554"},"modified":"2025-04-05T08:04:13","modified_gmt":"2025-04-05T08:04:13","slug":"sprzedaj-nieruchomosc","status":"publish","type":"page","link":"https:\/\/mazuryhome.com\/?page_id=1554","title":{"rendered":"Sprzedaj nieruchomo\u015b\u0107"},"content":{"rendered":"<p>[et_pb_section fb_built=&#8221;1&#8243; _builder_version=&#8221;4.16&#8243; custom_padding=&#8221;1px||90px||false|false&#8221; global_colors_info=&#8221;{}&#8221;][et_pb_row use_custom_gutter=&#8221;on&#8221; gutter_width=&#8221;2&#8243; make_equal=&#8221;on&#8221; _builder_version=&#8221;4.16&#8243; width=&#8221;90%&#8221; width_tablet=&#8221;90%&#8221; width_phone=&#8221;90%&#8221; width_last_edited=&#8221;on|tablet&#8221; max_width=&#8221;1170px&#8221; max_width_tablet=&#8221;90%&#8221; max_width_phone=&#8221;90%&#8221; max_width_last_edited=&#8221;on|desktop&#8221; custom_padding=&#8221;110px||||false|false&#8221; global_colors_info=&#8221;{}&#8221;][et_pb_column type=&#8221;4_4&#8243; _builder_version=&#8221;4.16&#8243; global_colors_info=&#8221;{}&#8221;][et_pb_text _builder_version=&#8221;4.27.4&#8243; text_font=&#8221;Montserrat|600|||||||&#8221; text_text_color=&#8221;#111111&#8243; text_font_size=&#8221;46px&#8221; text_letter_spacing=&#8221;-1px&#8221; text_line_height=&#8221;1em&#8221; text_orientation=&#8221;center&#8221; text_font_size_tablet=&#8221;30px&#8221; text_font_size_phone=&#8221;20px&#8221; text_font_size_last_edited=&#8221;on|phone&#8221; global_colors_info=&#8221;{}&#8221;]<\/p>\n<p>Sprzedaj nieruchomo\u015b\u0107<\/p>\n<p>[\/et_pb_text][\/et_pb_column][\/et_pb_row][et_pb_row use_custom_gutter=&#8221;on&#8221; make_equal=&#8221;on&#8221; _builder_version=&#8221;4.16&#8243; width=&#8221;90%&#8221; width_tablet=&#8221;90%&#8221; width_phone=&#8221;90%&#8221; width_last_edited=&#8221;on|tablet&#8221; max_width=&#8221;1170px&#8221; max_width_tablet=&#8221;90%&#8221; max_width_phone=&#8221;90%&#8221; max_width_last_edited=&#8221;on|desktop&#8221; custom_padding=&#8221;50px|||||&#8221; global_colors_info=&#8221;{}&#8221;][et_pb_column type=&#8221;4_4&#8243; _builder_version=&#8221;4.16&#8243; global_colors_info=&#8221;{}&#8221;][et_pb_text _builder_version=&#8221;4.27.4&#8243; _module_preset=&#8221;default&#8221; hover_enabled=&#8221;0&#8243; global_colors_info=&#8221;{}&#8221; sticky_enabled=&#8221;0&#8243;]<\/p>\n<p align=\"justify\"><span style=\"color: #222222;\"><span style=\"font-family: Arial, sans-serif;\">Dobra sprzeda\u017c <\/span><\/span><span style=\"color: #212529;\"><span style=\"font-family: Arial, sans-serif;\">to zawarcie transakcji w jak najkr\u00f3tszym czasie oraz uzyskanie jak najwy\u017cszej ceny sprzeda\u017cy.<\/span><\/span><\/p>\n<p align=\"justify\"><span style=\"font-family: Arial, sans-serif;\"> Na Pa\u0144stwa potrzeby <\/span><span style=\"color: #222222;\"><span style=\"font-family: Arial, sans-serif;\">stworzymy i przygotujemy profesjonalny opis nieruchomo\u015bci, oddaj\u0105cy rzeczywisty stan oraz posiadaj\u0105c\u0105 wszystkie wa\u017cne dla kupuj\u0105cego informacje. Zweryfikujemy <\/span><\/span><span style=\"color: #404040;\"><span style=\"font-family: Arial, sans-serif;\">stan formalny i prawny nieruchomo\u015bci. <\/span><\/span><span style=\"color: #222222;\"><span style=\"font-family: Arial, sans-serif;\">Po przygotowaniu og\u0142oszenia umie\u015bcimy oferty sprzeda\u017cy na stronach bran\u017cowych w najwi\u0119kszych portalach og\u0142oszeniowych oraz w\u0142asnej bazie. Zainwestujemy w banery, bardzo cz\u0119sto w ten spos\u00f3b mo\u017cemy znale\u017a\u0107 nabywc\u0119 z lokalnego rynku, ale nie tylko. Zorganizujemy pokaz zainteresowanym nabywcom, a w razie konieczno\u015bci wynegocjujemy ostateczne warunki sprzeda\u017cy.<\/span><\/span><\/p>\n<p align=\"justify\"><span style=\"color: #222222;\"><span style=\"font-family: Arial, sans-serif;\"> Przygotowuj\u0105c si\u0119 do transakcji, pomo\u017cemy zadba\u0107 o wszystkie niezb\u0119dne dokumenty konieczne do zawarcia umowy sprzeda\u017cy, zweryfikujemy ich stan oraz przygotujemy transakcj\u0119 u Notariusza. Wska\u017cemy rozwi\u0105zania finansowe i skarbowe zwi\u0105zane z transakcj\u0105 sprzeda\u017cy.<\/span><\/span><\/p>\n<p align=\"justify\"><span style=\"color: #222222;\"><span style=\"font-family: Arial, sans-serif;\">Sprzedaj\u0105c swoj\u0105 nieruchomo\u015b\u0107 warto oszcz\u0119dzi\u0107 czas sw\u00f3j i nabywcy.<\/span><\/span><\/p>\n<p align=\"justify\"><span style=\"color: #474747;\"><span style=\"font-family: Arial, sans-serif;\"><\/span><\/span><\/p>\n<p align=\"justify\"><span style=\"text-decoration: underline;\"><span style=\"color: #474747;\"><span style=\"font-family: Arial, sans-serif;\">My wiemy:<\/span><\/span><\/span><\/p>\n<p align=\"justify\"><strong><span style=\"color: #474747;\"><span style=\"font-family: Arial, sans-serif;\"><span> &#8211; <\/span><\/span><\/span><\/strong><strong><span style=\"color: #333333;\"><span style=\"font-family: Arial, sans-serif;\"><span>jak szybko sprzeda\u0107 mieszkanie<\/span><\/span><\/span><\/strong><span style=\"color: #333333;\"><span style=\"font-family: Arial, sans-serif;\">,<\/span><\/span><\/p>\n<p align=\"justify\"><span style=\"color: #333333;\"><span style=\"font-family: Arial, sans-serif;\">&#8211; jakie s\u0105 <\/span><\/span><strong><span style=\"color: #333333;\"><span style=\"font-family: Arial, sans-serif;\"><span>najcz\u0119stsze b\u0142\u0119dy<\/span><\/span><\/span><\/strong><span style=\"color: #333333;\"><span style=\"font-family: Arial, sans-serif;\">, kt\u00f3re pope\u0142niaj\u0105 sprzedaj\u0105cy i jak ich unika\u0107,<\/span><\/span><\/p>\n<p align=\"justify\"><span style=\"color: #333333;\"><span style=\"font-family: Arial, sans-serif;\">&#8211; jak pozby\u0107 si\u0119 nieruchomo\u015bci obci\u0105\u017conej <\/span><\/span><a href=\"https:\/\/gethome.pl\/blog\/kredyt-hipoteczny\/\" target=\"_top\"><span style=\"color: #000000;\"><span style=\"font-family: Arial, sans-serif;\">kredytem hipotecznym<\/span><\/span><\/a><span style=\"color: #333333;\"><span style=\"font-family: Arial, sans-serif;\">, lokatorem<br \/>i w innych nietypowych sytuacjach,<\/span><\/span><\/p>\n<p align=\"justify\"><span style=\"color: #333333;\"><span style=\"font-family: Arial, sans-serif;\">&#8211; kiedy trzeba zap\u0142aci\u0107 <\/span><\/span><strong><span style=\"color: #333333;\"><span style=\"font-family: Arial, sans-serif;\"><span>podatek od sprzeda\u017cy mieszkania <\/span><\/span><\/span><\/strong><span style=\"color: #333333;\"><span style=\"font-family: Arial, sans-serif;\">i jak tego unikn\u0105\u0107,<\/span><\/span><\/p>\n<p align=\"justify\"><span style=\"color: #333333;\"><span style=\"font-family: Arial, sans-serif;\">&#8211; jakie dokumenty s\u0105 wymagane do zawarcia transakcji,<\/span><\/span><\/p>\n<p align=\"justify\"><span style=\"color: #333333;\"><span style=\"font-family: Arial, sans-serif;\">&#8211; co powinno znale\u017a\u0107 si\u0119 w umowie przedwst\u0119pnej, a co w umowie sprzeda\u017cy mieszkania,<\/span><\/span><\/p>\n<p align=\"justify\"><span style=\"color: #333333;\"><span style=\"font-family: Arial, sans-serif;\">&#8211; jakie dodatkowe op\u0142aty mog\u0105 si\u0119 wi\u0105za\u0107 z pozbyciem si\u0119 nieruchomo\u015bci.<\/span><\/span><\/p>\n<p align=\"justify\"><span style=\"color: #333333;\"><span style=\"font-family: Arial, sans-serif;\"><\/span><\/span><\/p>\n<p><span style=\"color: #333333;\"><span style=\"font-family: Arial, sans-serif;\">To s\u0105 Pa\u0144stwa pieni\u0105dze, a my staramy si\u0119 o nie zadba\u0107!<\/span><\/span><\/p>\n<p><span style=\"color: #333333;\"><span style=\"font-family: Arial, sans-serif;\"><\/span><\/span><\/p>\n<p align=\"justify\"><span style=\"text-decoration: underline;\">Chc\u0105c dobrze sprzeda\u0107 swoj\u0105 nieruchomo\u015b\u0107 zostaw nam informacje, wype\u0142niaj\u0105c formularz <\/span><br \/><span style=\"text-decoration: underline;\">lud skontaktuj si\u0119 telefonicznie z naszymi Agentami:<\/span><\/p>\n<p><strong>690693333<\/strong> oraz <strong>690692000<\/strong><\/p>\n<p>[\/et_pb_text][\/et_pb_column][\/et_pb_row][\/et_pb_section]<\/p>\n","protected":false},"excerpt":{"rendered":"<p>Sprzedaj nieruchomo\u015b\u0107Dobra sprzeda\u017c to zawarcie transakcji w jak najkr\u00f3tszym czasie oraz uzyskanie jak najwy\u017cszej ceny sprzeda\u017cy. Na Pa\u0144stwa potrzeby stworzymy i przygotujemy profesjonalny opis nieruchomo\u015bci, oddaj\u0105cy rzeczywisty stan oraz posiadaj\u0105c\u0105 wszystkie wa\u017cne dla kupuj\u0105cego informacje. Zweryfikujemy stan formalny i prawny nieruchomo\u015bci. Po przygotowaniu og\u0142oszenia umie\u015bcimy oferty sprzeda\u017cy na stronach bran\u017cowych w najwi\u0119kszych portalach og\u0142oszeniowych oraz [&hellip;]<\/p>\n","protected":false},"author":1,"featured_media":0,"parent":0,"menu_order":0,"comment_status":"closed","ping_status":"closed","template":"","meta":{"_et_pb_use_builder":"on","_et_pb_old_content":"","_et_gb_content_width":"","footnotes":""},"class_list":["post-1554","page","type-page","status-publish","hentry"],"_links":{"self":[{"href":"https:\/\/mazuryhome.com\/index.php?rest_route=\/wp\/v2\/pages\/1554","targetHints":{"allow":["GET"]}}],"collection":[{"href":"https:\/\/mazuryhome.com\/index.php?rest_route=\/wp\/v2\/pages"}],"about":[{"href":"https:\/\/mazuryhome.com\/index.php?rest_route=\/wp\/v2\/types\/page"}],"author":[{"embeddable":true,"href":"https:\/\/mazuryhome.com\/index.php?rest_route=\/wp\/v2\/users\/1"}],"replies":[{"embeddable":true,"href":"https:\/\/mazuryhome.com\/index.php?rest_route=%2Fwp%2Fv2%2Fcomments&post=1554"}],"version-history":[{"count":4,"href":"https:\/\/mazuryhome.com\/index.php?rest_route=\/wp\/v2\/pages\/1554\/revisions"}],"predecessor-version":[{"id":1559,"href":"https:\/\/mazuryhome.com\/index.php?rest_route=\/wp\/v2\/pages\/1554\/revisions\/1559"}],"wp:attachment":[{"href":"https:\/\/mazuryhome.com\/index.php?rest_route=%2Fwp%2Fv2%2Fmedia&parent=1554"}],"curies":[{"name":"wp","href":"https:\/\/api.w.org\/{rel}","templated":true}]}}